{"id":79,"date":"2015-09-18T18:33:49","date_gmt":"2015-09-18T16:33:49","guid":{"rendered":"http:\/\/www.jump-start.at\/js\/?page_id=79"},"modified":"2025-02-08T14:42:31","modified_gmt":"2025-02-08T12:42:31","slug":"impressum","status":"publish","type":"page","link":"https:\/\/www.jump-start.at\/start\/impressum\/","title":{"rendered":"Impressum"},"content":{"rendered":"<p>[et_pb_section fb_built=&#8220;1&#8243; admin_label=&#8220;section&#8220; _builder_version=&#8220;4.16&#8243; global_colors_info=&#8220;{}&#8220;][et_pb_row column_structure=&#8220;2_3,1_3&#8243; admin_label=&#8220;row&#8220; _builder_version=&#8220;4.16&#8243; background_size=&#8220;initial&#8220; background_position=&#8220;top_left&#8220; background_repeat=&#8220;repeat&#8220; global_colors_info=&#8220;{}&#8220;][et_pb_column type=&#8220;2_3&#8243; _builder_version=&#8220;4.16&#8243; custom_padding=&#8220;|||&#8220; global_colors_info=&#8220;{}&#8220; custom_padding__hover=&#8220;|||&#8220;][et_pb_image src=&#8220;http:\/\/www.jump-start.at\/wp-content\/uploads\/2015\/09\/jump-start_02.jpg&#8220; align_tablet=&#8220;center&#8220; align_phone=&#8220;&#8220; align_last_edited=&#8220;on|desktop&#8220; admin_label=&#8220;Bild&#8220; _builder_version=&#8220;4.16&#8243; animation_style=&#8220;slide&#8220; animation_direction=&#8220;left&#8220; animation_duration=&#8220;500ms&#8220; animation_intensity_slide=&#8220;10%&#8220; use_border_color=&#8220;off&#8220; border_color=&#8220;#ffffff&#8220; border_style=&#8220;solid&#8220; animation=&#8220;left&#8220; sticky=&#8220;off&#8220; always_center_on_mobile=&#8220;on&#8220; global_colors_info=&#8220;{}&#8220;]&nbsp;[\/et_pb_image][et_pb_text admin_label=&#8220;Text&#8220; _builder_version=&#8220;4.16&#8243; background_size=&#8220;initial&#8220; background_position=&#8220;top_left&#8220; background_repeat=&#8220;repeat&#8220; use_border_color=&#8220;off&#8220; border_color=&#8220;#ffffff&#8220; border_style=&#8220;solid&#8220; global_colors_info=&#8220;{}&#8220;]<\/p>\n<h1><strong><span style=\"color: #808080;\">jUMP<\/span>-START e.U.<\/strong><\/h1>\n<p>Inhaber Mag. Doris Kaiserreiner;\u00a0eingetragenes Einzelunternehmen der\u00a0Unternehmensberatung einschlie\u00dflich der Unternehmensorganisation.<\/p>\n<p>UID: ATU68980034;\u00a0FN: 424018g;\u00a0FB Gericht: Wien<\/p>\n<p>Firmensitz: 3001 Mauerbach,\u00a0Kaunitzgasse 10 \/ Austria<\/p>\n<p>Mitglied der WK\u00d6, WKW, UBIT<\/p>\n<p>Berufsrecht: GISA-Zahl: <span>26325675<\/span>,\u00a0Gewerbeordnung: www.ris.bka.gv.at;\u00a0Bezirkshauptmannschaft Wien<\/p>\n<p>******************************************************************************************<\/p>\n<h2><\/h2>\n<h3 id=\"heading_Erklaerung_zur_Informationspflicht_2\">Erkl\u00e4rung zur Informationspflicht<\/h3>\n<h4 id=\"heading__Datenschutzerklaerung_\">(Datenschutzerkl\u00e4rung)<\/h4>\n<p>Der Schutz Ihrer pers\u00f6nlichen Daten ist uns ein besonderes Anliegen. Wir verarbeiten Ihre Daten daher ausschlie\u00dflich auf Grundlage der gesetzlichen Bestimmungen (DSGVO, TKG 2003). In diesen Datenschutzinformationen informieren wir Sie \u00fcber die wichtigsten Aspekte der Datenverarbeitung im Rahmen unserer Website.<\/p>\n<h4 id=\"heading_Kontakt_mit_uns\">Kontakt mit uns<\/h4>\n<p>Wenn Sie per Formular auf der Website oder per E-Mail Kontakt mit uns aufnehmen, werden Ihre angegebenen Daten zwecks Bearbeitung der Anfrage und f\u00fcr den Fall von Anschlussfragen sechs Monate bei uns gespeichert. Diese Daten geben wir nicht ohne Ihre Einwilligung weiter.<\/p>\n<h4 id=\"heading_Ihre_Rechte\">Ihre Rechte<\/h4>\n<p>Ihnen stehen bez\u00fcglich Ihrer bei uns gespeicherten Daten\u00a0grunds\u00e4tzlich die Rechte auf Auskunft, Berichtigung, L\u00f6schung, Einschr\u00e4nkung, Daten\u00fcbertragbarkeit, Widerruf und Widerspruch zu. Wenn Sie glauben, dass die Verarbeitung Ihrer Daten gegen das Datenschutzrecht verst\u00f6\u00dft oder Ihre datenschutzrechtlichen Anspr\u00fcche sonst in einer Weise verletzt worden sind, k\u00f6nnen Sie sich bei uns <i>[og. Adresse]<\/i> oder der Datenschutzbeh\u00f6rde beschweren.<\/p>\n<p>[\/et_pb_text][\/et_pb_column][et_pb_column type=&#8220;1_3&#8243; _builder_version=&#8220;4.16&#8243; custom_padding=&#8220;|||&#8220; global_colors_info=&#8220;{}&#8220; custom_padding__hover=&#8220;|||&#8220;][\/et_pb_column][\/et_pb_row][\/et_pb_section]<\/p>\n","protected":false},"excerpt":{"rendered":"<p>&nbsp;jUMP-START e.U. Inhaber Mag. Doris Kaiserreiner;\u00a0eingetragenes Einzelunternehmen der\u00a0Unternehmensberatung einschlie\u00dflich der Unternehmensorganisation. UID: ATU68980034;\u00a0FN: 424018g;\u00a0FB Gericht: Wien Firmensitz: 3001 Mauerbach,\u00a0Kaunitzgasse 10 \/ Austria Mitglied der WK\u00d6, WKW, UBIT Berufsrecht: GISA-Zahl: 26325675,\u00a0Gewerbeordnung: www.ris.bka.gv.at;\u00a0Bezirkshauptmannschaft Wien ****************************************************************************************** Erkl\u00e4rung zur Informationspflicht (Datenschutzerkl\u00e4rung) Der Schutz Ihrer pers\u00f6nlichen Daten ist uns ein besonderes Anliegen. Wir verarbeiten Ihre Daten daher ausschlie\u00dflich auf Grundlage [&hellip;]<\/p>\n","protected":false},"author":18,"featured_media":0,"parent":0,"menu_order":0,"comment_status":"closed","ping_status":"closed","template":"","meta":{"_et_pb_use_builder":"on","_et_pb_old_content":"","_et_gb_content_width":"","footnotes":""},"class_list":["post-79","page","type-page","status-publish","hentry"],"_links":{"self":[{"href":"https:\/\/www.jump-start.at\/start\/wp-json\/wp\/v2\/pages\/79","targetHints":{"allow":["GET"]}}],"collection":[{"href":"https:\/\/www.jump-start.at\/start\/wp-json\/wp\/v2\/pages"}],"about":[{"href":"https:\/\/www.jump-start.at\/start\/wp-json\/wp\/v2\/types\/page"}],"author":[{"embeddable":true,"href":"https:\/\/www.jump-start.at\/start\/wp-json\/wp\/v2\/users\/18"}],"replies":[{"embeddable":true,"href":"https:\/\/www.jump-start.at\/start\/wp-json\/wp\/v2\/comments?post=79"}],"version-history":[{"count":21,"href":"https:\/\/www.jump-start.at\/start\/wp-json\/wp\/v2\/pages\/79\/revisions"}],"predecessor-version":[{"id":490,"href":"https:\/\/www.jump-start.at\/start\/wp-json\/wp\/v2\/pages\/79\/revisions\/490"}],"wp:attachment":[{"href":"https:\/\/www.jump-start.at\/start\/wp-json\/wp\/v2\/media?parent=79"}],"curies":[{"name":"wp","href":"https:\/\/api.w.org\/{rel}","templated":true}]}}