{"id":408,"date":"2019-08-21T17:40:43","date_gmt":"2019-08-21T15:40:43","guid":{"rendered":"https:\/\/www.jump-start.at\/start\/?page_id=408"},"modified":"2020-11-01T14:26:47","modified_gmt":"2020-11-01T12:26:47","slug":"good-reads","status":"publish","type":"page","link":"https:\/\/www.jump-start.at\/start\/good-reads\/","title":{"rendered":"Good reads"},"content":{"rendered":"\n<p>Kaiserreiner, Doris, Pacchi, Carolina, Scheuerpflug, Lilly (2019): &#8222;Policy Brief on Migrant Entrepreneurship Support.&#8220; <a href=\"https:\/\/www.researchgate.net\/publication\/332014541_Policy_Brief_on_Migrant_Entrepreneurship_Support\">https:\/\/www.researchgate.net\/publication\/332014541_Policy_Brief_on_Migrant_Entrepreneurship_Support<\/a><\/p>\n\n\n\n<p>Kaiserreiner, Doris (2014): &#8222;Die Finanzierung der Creative Industries in O\u00d6 &#8211; Ein- und Ausblicke.&#8220; Bootstrapping, Crowdfunding, F\u00f6rderungen &amp; Co. Einblicke in die Finanzierungspraxis Ober\u00f6sterreichischer Kreativunternehmen hier kaufen: <a href=\"https:\/\/www.morebooks.shop\/store\/de\/book\/die-finanzierung-der-creative-industries-in-oOe-ein-und-ausblicke\/isbn\/978-3-639-62899-9\">https:\/\/www.morebooks.shop\/store\/de\/book\/die-finanzierung-der-creative-industries-in-oOe-ein-und-ausblicke\/isbn\/978-3-639-62899-9<\/a><\/p>\n\n\n\n<p>Kaiserreiner, Doris (2013): &#8222;Finanzierung der Creative Industries in Ober\u00f6sterreich&#8220; \u2013 Ein-und Ausblicke. download: <a href=\"https:\/\/www.academia.edu\/5134539\/_Finanzierung_der_Creative_Industries_in_Ober\u00f6sterreich_Ein-und_Ausblicke\">https:\/\/www.academia.edu\/5134539\/_Finanzierung_der_Creative_Industries_in_Ober\u00f6sterreich_Ein-und_Ausblicke<\/a><\/p>\n\n\n\n<h1 class=\"wp-block-heading\"><\/h1>\n\n\n\n<h2 class=\"wp-block-heading\"><br><\/h2>\n\n\n\n<p><\/p>\n","protected":false},"excerpt":{"rendered":"<p>Kaiserreiner, Doris, Pacchi, Carolina, Scheuerpflug, Lilly (2019): &#8222;Policy Brief on Migrant Entrepreneurship Support.&#8220; https:\/\/www.researchgate.net\/publication\/332014541_Policy_Brief_on_Migrant_Entrepreneurship_Support Kaiserreiner, Doris (2014): &#8222;Die Finanzierung der Creative Industries in O\u00d6 &#8211; Ein- und Ausblicke.&#8220; Bootstrapping, Crowdfunding, F\u00f6rderungen &amp; Co. Einblicke in die Finanzierungspraxis Ober\u00f6sterreichischer Kreativunternehmen hier kaufen: https:\/\/www.morebooks.shop\/store\/de\/book\/die-finanzierung-der-creative-industries-in-oOe-ein-und-ausblicke\/isbn\/978-3-639-62899-9 Kaiserreiner, Doris (2013): &#8222;Finanzierung der Creative Industries in Ober\u00f6sterreich&#8220; \u2013 Ein-und Ausblicke. download: [&hellip;]<\/p>\n","protected":false},"author":1,"featured_media":0,"parent":0,"menu_order":0,"comment_status":"closed","ping_status":"closed","template":"","meta":{"_et_pb_use_builder":"off","_et_pb_old_content":"","_et_gb_content_width":"","footnotes":""},"class_list":["post-408","page","type-page","status-publish","hentry"],"_links":{"self":[{"href":"https:\/\/www.jump-start.at\/start\/wp-json\/wp\/v2\/pages\/408","targetHints":{"allow":["GET"]}}],"collection":[{"href":"https:\/\/www.jump-start.at\/start\/wp-json\/wp\/v2\/pages"}],"about":[{"href":"https:\/\/www.jump-start.at\/start\/wp-json\/wp\/v2\/types\/page"}],"author":[{"embeddable":true,"href":"https:\/\/www.jump-start.at\/start\/wp-json\/wp\/v2\/users\/1"}],"replies":[{"embeddable":true,"href":"https:\/\/www.jump-start.at\/start\/wp-json\/wp\/v2\/comments?post=408"}],"version-history":[{"count":2,"href":"https:\/\/www.jump-start.at\/start\/wp-json\/wp\/v2\/pages\/408\/revisions"}],"predecessor-version":[{"id":473,"href":"https:\/\/www.jump-start.at\/start\/wp-json\/wp\/v2\/pages\/408\/revisions\/473"}],"wp:attachment":[{"href":"https:\/\/www.jump-start.at\/start\/wp-json\/wp\/v2\/media?parent=408"}],"curies":[{"name":"wp","href":"https:\/\/api.w.org\/{rel}","templated":true}]}}